{"id":628,"date":"2024-09-04T16:42:58","date_gmt":"2024-09-04T16:42:58","guid":{"rendered":"https:\/\/sanjosecuenca.lasalleweb.ec\/?page_id=628"},"modified":"2025-10-15T20:30:40","modified_gmt":"2025-10-15T20:30:40","slug":"que-es-la-salle","status":"publish","type":"page","link":"https:\/\/sanjosecuenca.lasalleweb.ec\/?page_id=628","title":{"rendered":"\u00bfQu\u00e9 es La Salle?"},"content":{"rendered":"\n<p><strong>La Salle: Una Red Global de Educaci\u00f3n y Transformaci\u00f3n Presente en 78 Pa\u00edses<\/strong><\/p>\n\n\n\n<p>La Salle es mucho m\u00e1s que una instituci\u00f3n educativa; es un movimiento global comprometido con la transformaci\u00f3n social a trav\u00e9s de la educaci\u00f3n. Fundada por San Juan Bautista de La Salle en el siglo XVII, la red Lasallista ha crecido hasta convertirse en una de las comunidades educativas m\u00e1s grandes y respetadas del mundo, con presencia en 78 pa\u00edses.<\/p>\n\n\n\n<p>La misi\u00f3n de La Salle es clara: proporcionar una educaci\u00f3n de calidad accesible para todos, especialmente para los m\u00e1s desfavorecidos. Esta misi\u00f3n se lleva a cabo en varios centros educativos, que incluyen escuelas, universidades y programas de formaci\u00f3n t\u00e9cnica y profesional. Cada una de estas instituciones est\u00e1 unida por un compromiso compartido con los valores de fe, fraternidad y servicio, pilares fundamentales del carisma lasallista.<\/p>\n\n\n\n<p>La red Lasallista no solo se enfoca en la excelencia acad\u00e9mica, sino tambi\u00e9n en la formaci\u00f3n integral de sus estudiantes. Esto significa que los alumnos de La Salle no solo adquieren conocimientos, sino que tambi\u00e9n desarrollan habilidades y valores que les permiten ser ciudadanos comprometidos con el bien com\u00fan. En todas partes del mundo, los educadores lasallistas trabajan para fomentar la justicia social, la solidaridad y el respeto por la dignidad humana.<\/p>\n\n\n\n<p>Con m\u00e1s de 1 mill\u00f3n de estudiantes y 90,000 educadores, la red La Salle es un testimonio vivo de la visi\u00f3n de su fundador. Desde los grandes centros urbanos hasta las comunidades m\u00e1s remotas, la presencia de La Salle ha hecho una diferencia significativa en la vida de innumerables personas.<\/p>\n\n\n\n<p>Hoy en d\u00eda, la red Lasallista sigue innovando y adapt\u00e1ndose a los desaf\u00edos del mundo moderno, pero siempre manteniendo la esencia de su misi\u00f3n: educar, acompa\u00f1ar y transformar. En cada uno de los 78 pa\u00edses donde est\u00e1 presente, La Salle contin\u00faa siendo un faro de esperanza, guiando a las nuevas generaciones hacia un futuro m\u00e1s justo y humano.<\/p>\n\n\n\n<figure class=\"wp-block-image is-resized\"><img decoding=\"async\" src=\"https:\/\/sanjosecuenca.lasalleweb.ec\/wp-content\/uploads\/2024\/09\/WhatsApp-Image-2024-09-04-at-11.36.53-1024x598.jpeg\" alt=\"\" style=\"width:1108px;height:auto\"\/><\/figure>\n","protected":false},"excerpt":{"rendered":"<p>La Salle: Una Red Global de Educaci\u00f3n y Transformaci\u00f3n Presente en 78 Pa\u00edses La Salle es mucho m\u00e1s que una instituci\u00f3n educativa; es un movimiento global comprometido con la transformaci\u00f3n social a trav\u00e9s de la educaci\u00f3n. Fundada por San Juan Bautista de La Salle en el siglo XVII, la red Lasallista ha crecido hasta convertirse [&hellip;]<\/p>\n","protected":false},"author":3,"featured_media":632,"parent":0,"menu_order":0,"comment_status":"closed","ping_status":"closed","template":"","meta":{"_et_pb_use_builder":"off","_et_pb_old_content":"<!-- wp:paragraph -->\n<p><strong>La Salle: Una Red Global de Educaci\u00f3n y Transformaci\u00f3n Presente en 78 Pa\u00edses<\/strong><\/p>\n<!-- \/wp:paragraph -->\n\n<!-- wp:paragraph -->\n<p>La Salle es mucho m\u00e1s que una instituci\u00f3n educativa; es un movimiento global comprometido con la transformaci\u00f3n social a trav\u00e9s de la educaci\u00f3n. Fundada por San Juan Bautista de La Salle en el siglo XVII, la red Lasallista ha crecido hasta convertirse en una de las comunidades educativas m\u00e1s grandes y respetadas del mundo, con presencia en 78 pa\u00edses.<\/p>\n<!-- \/wp:paragraph -->\n\n<!-- wp:paragraph -->\n<p>La misi\u00f3n de La Salle es clara: proporcionar una educaci\u00f3n de calidad accesible para todos, especialmente para los m\u00e1s desfavorecidos. Esta misi\u00f3n se lleva a cabo en varios centros educativos, que incluyen escuelas, universidades y programas de formaci\u00f3n t\u00e9cnica y profesional. Cada una de estas instituciones est\u00e1 unida por un compromiso compartido con los valores de fe, fraternidad y servicio, pilares fundamentales del carisma lasallista.<\/p>\n<!-- \/wp:paragraph -->\n\n<!-- wp:paragraph -->\n<p>La red Lasallista no solo se enfoca en la excelencia acad\u00e9mica, sino tambi\u00e9n en la formaci\u00f3n integral de sus estudiantes. Esto significa que los alumnos de La Salle no solo adquieren conocimientos, sino que tambi\u00e9n desarrollan habilidades y valores que les permiten ser ciudadanos comprometidos con el bien com\u00fan. En todas partes del mundo, los educadores lasallistas trabajan para fomentar la justicia social, la solidaridad y el respeto por la dignidad humana.<\/p>\n<!-- \/wp:paragraph -->\n\n<!-- wp:paragraph -->\n<p>Con m\u00e1s de 1 mill\u00f3n de estudiantes y 90,000 educadores, la red La Salle es un testimonio vivo de la visi\u00f3n de su fundador. Desde los grandes centros urbanos hasta las comunidades m\u00e1s remotas, la presencia de La Salle ha hecho una diferencia significativa en la vida de innumerables personas.<\/p>\n<!-- \/wp:paragraph -->\n\n<!-- wp:paragraph -->\n<p>Hoy en d\u00eda, la red Lasallista sigue innovando y adapt\u00e1ndose a los desaf\u00edos del mundo moderno, pero siempre manteniendo la esencia de su misi\u00f3n: educar, acompa\u00f1ar y transformar. En cada uno de los 78 pa\u00edses donde est\u00e1 presente, La Salle contin\u00faa siendo un faro de esperanza, guiando a las nuevas generaciones hacia un futuro m\u00e1s justo y humano.<\/p>\n<!-- \/wp:paragraph -->","_et_gb_content_width":"1080","footnotes":""},"class_list":["post-628","page","type-page","status-publish","has-post-thumbnail","hentry"],"_links":{"self":[{"href":"https:\/\/sanjosecuenca.lasalleweb.ec\/index.php?rest_route=\/wp\/v2\/pages\/628","targetHints":{"allow":["GET"]}}],"collection":[{"href":"https:\/\/sanjosecuenca.lasalleweb.ec\/index.php?rest_route=\/wp\/v2\/pages"}],"about":[{"href":"https:\/\/sanjosecuenca.lasalleweb.ec\/index.php?rest_route=\/wp\/v2\/types\/page"}],"author":[{"embeddable":true,"href":"https:\/\/sanjosecuenca.lasalleweb.ec\/index.php?rest_route=\/wp\/v2\/users\/3"}],"replies":[{"embeddable":true,"href":"https:\/\/sanjosecuenca.lasalleweb.ec\/index.php?rest_route=%2Fwp%2Fv2%2Fcomments&post=628"}],"version-history":[{"count":6,"href":"https:\/\/sanjosecuenca.lasalleweb.ec\/index.php?rest_route=\/wp\/v2\/pages\/628\/revisions"}],"predecessor-version":[{"id":1023,"href":"https:\/\/sanjosecuenca.lasalleweb.ec\/index.php?rest_route=\/wp\/v2\/pages\/628\/revisions\/1023"}],"wp:featuredmedia":[{"embeddable":true,"href":"https:\/\/sanjosecuenca.lasalleweb.ec\/index.php?rest_route=\/wp\/v2\/media\/632"}],"wp:attachment":[{"href":"https:\/\/sanjosecuenca.lasalleweb.ec\/index.php?rest_route=%2Fwp%2Fv2%2Fmedia&parent=628"}],"curies":[{"name":"wp","href":"https:\/\/api.w.org\/{rel}","templated":true}]}}