{"id":280,"date":"2024-04-02T16:28:03","date_gmt":"2024-04-02T16:28:03","guid":{"rendered":"https:\/\/sanjosecuenca.lasalleweb.ec\/?page_id=280"},"modified":"2024-04-09T22:13:00","modified_gmt":"2024-04-09T22:13:00","slug":"pjv","status":"publish","type":"page","link":"https:\/\/sanjosecuenca.lasalleweb.ec\/?page_id=280","title":{"rendered":"PJV"},"content":{"rendered":"<p>[et_pb_section fb_built=\u00bb1&#8243; admin_label=\u00bbHeader\u00bb _builder_version=\u00bb4.23.1&#8243; _module_preset=\u00bbdefault\u00bb background_color=\u00bbgcid-d214ab81-0383-475f-b48e-2c27b44bd017&#8243; custom_padding=\u00bb||26px|||\u00bb collapsed=\u00bbon\u00bb global_colors_info=\u00bb{%22gcid-d214ab81-0383-475f-b48e-2c27b44bd017%22:%91%22background_color%22%93}\u00bb][et_pb_row _builder_version=\u00bb4.23.1&#8243; _module_preset=\u00bbdefault\u00bb global_colors_info=\u00bb{}\u00bb][et_pb_column type=\u00bb4_4&#8243; _builder_version=\u00bb4.23.1&#8243; _module_preset=\u00bbdefault\u00bb global_colors_info=\u00bb{}\u00bb][et_pb_text _builder_version=\u00bb4.23.1&#8243; _module_preset=\u00bba6ffdbd9-a3f8-4ad7-9e5d-3fbeff1bbe47&#8243; text_orientation=\u00bbcenter\u00bb global_colors_info=\u00bb{}\u00bb]<\/p>\n<h1>PASTORAL JUVENIL Y VOCACIONAL<\/h1>\n<p>[\/et_pb_text][et_pb_text _builder_version=\u00bb4.24.0&#8243; _module_preset=\u00bb09fc69ec-701a-4340-be2d-793cea294b76&#8243; text_orientation=\u00bbjustified\u00bb global_colors_info=\u00bb{}\u00bb]<\/p>\n<p>Pastoral Juvenil y Vocacional del Distrito Lasallista Norandino es un proceso de evangelizaci\u00f3n y formaci\u00f3n integral de personas comprometidas con la realidad social, desde un enfoque lasallista, que fomenta el discernimiento vocacional.<\/p>\n<p>[\/et_pb_text][\/et_pb_column][\/et_pb_row][\/et_pb_section][et_pb_section fb_built=\u00bb1&#8243; admin_label=\u00bbPricing Table\u00bb _builder_version=\u00bb4.24.0&#8243; _module_preset=\u00bbdefault\u00bb background_enable_color=\u00bboff\u00bb locked=\u00bboff\u00bb collapsed=\u00bbon\u00bb global_colors_info=\u00bb{%22gcid-d214ab81-0383-475f-b48e-2c27b44bd017%22:%91%22background_color%22%93}\u00bb][et_pb_row column_structure=\u00bb1_2,1_2&#8243; _builder_version=\u00bb4.24.2&#8243; _module_preset=\u00bbdefault\u00bb hover_enabled=\u00bb0&#8243; global_colors_info=\u00bb{}\u00bb sticky_enabled=\u00bb0&#8243;][et_pb_column type=\u00bb1_2&#8243; _builder_version=\u00bb4.24.2&#8243; _module_preset=\u00bbdefault\u00bb background_color=\u00bbgcid-4558e94f-c411-4090-9fc6-820b4850a969&#8243; custom_padding=\u00bb30px|30px|30px|30px|true|true\u00bb custom_padding_tablet=\u00bb30px|30px|30px|30px|false|false\u00bb custom_padding_phone=\u00bb20px|20px|20px|20px|true|true\u00bb custom_padding_last_edited=\u00bbon|desktop\u00bb animation_style=\u00bbfold\u00bb animation_direction=\u00bbbottom\u00bb hover_enabled=\u00bb0&#8243; border_radii=\u00bbon|20px|20px|20px|20px\u00bb global_colors_info=\u00bb{%22gcid-4558e94f-c411-4090-9fc6-820b4850a969%22:%91%22background_color%22%93}\u00bb sticky_enabled=\u00bb0&#8243;][et_pb_text _builder_version=\u00bb4.24.0&#8243; _module_preset=\u00bb9d967453-f478-4180-80ec-5da06d79a4ec\u00bb header_2_text_color=\u00bb#FFFFFF\u00bb text_orientation=\u00bbcenter\u00bb custom_margin=\u00bb||0px||false|false\u00bb header_2_font_size_tablet=\u00bb72px\u00bb header_2_font_size_phone=\u00bb40px\u00bb locked=\u00bboff\u00bb global_colors_info=\u00bb{}\u00bb]<\/p>\n<h2>MISI\u00d3N<\/h2>\n<p>[\/et_pb_text][et_pb_text _builder_version=\u00bb4.24.0&#8243; _module_preset=\u00bbe2eb95a3-5767-4e6a-b5fd-3e0eb69d0dc0&#8243; text_text_color=\u00bb#FFFFFF\u00bb text_orientation=\u00bbjustified\u00bb custom_margin=\u00bb||10px||false|false\u00bb global_colors_info=\u00bb{}\u00bb]<\/p>\n<p>Favorecer las condiciones necesarias para que los Centros Educativos del Distrito Lasallista Norandino, a partir de las orientaciones emanadas del Instituto, RELAL y la iglesia, se encaminen decididamente hacia un proceso de evangelizaci\u00f3n y formaci\u00f3n de la comunidad educativa, su maduraci\u00f3n en la fe, el descubrimiento y afianzamiento de su vocaci\u00f3n, el compromiso hist\u00f3rico con la realidad que cada uno vive y la generaci\u00f3n de una cultura vocacional acorde a las necesidades, intereses y deseos de los destinatarios.<\/p>\n<p>[\/et_pb_text][\/et_pb_column][et_pb_column type=\u00bb1_2&#8243; _builder_version=\u00bb4.24.2&#8243; _module_preset=\u00bbdefault\u00bb background_color=\u00bbgcid-550e6957-ead1-46e6-b51c-29b21fd97559&#8243; custom_padding=\u00bb30px|30px|30px|30px|true|true\u00bb custom_padding_tablet=\u00bb30px|30px|30px|30px|false|false\u00bb custom_padding_phone=\u00bb20px|20px|20px|20px|true|true\u00bb custom_padding_last_edited=\u00bbon|desktop\u00bb animation_style=\u00bbfold\u00bb animation_direction=\u00bbtop\u00bb hover_enabled=\u00bb0&#8243; border_radii=\u00bbon|20px|20px|20px|20px\u00bb global_colors_info=\u00bb{%22gcid-550e6957-ead1-46e6-b51c-29b21fd97559%22:%91%22background_color%22%93}\u00bb sticky_enabled=\u00bb0&#8243;][et_pb_text _builder_version=\u00bb4.24.0&#8243; _module_preset=\u00bb9d967453-f478-4180-80ec-5da06d79a4ec\u00bb header_2_text_color=\u00bb#FFFFFF\u00bb text_orientation=\u00bbcenter\u00bb custom_margin=\u00bb||0px||false|false\u00bb header_2_font_size_tablet=\u00bb72px\u00bb header_2_font_size_phone=\u00bb40px\u00bb locked=\u00bboff\u00bb global_colors_info=\u00bb{}\u00bb]<\/p>\n<h2>VISI\u00d3N<\/h2>\n<p>[\/et_pb_text][et_pb_text _builder_version=\u00bb4.24.0&#8243; _module_preset=\u00bbe2eb95a3-5767-4e6a-b5fd-3e0eb69d0dc0&#8243; text_text_color=\u00bb#FFFFFF\u00bb text_orientation=\u00bbjustified\u00bb custom_margin=\u00bb||10px||false|false\u00bb global_colors_info=\u00bb{}\u00bb]<\/p>\n<p>So\u00f1amos que la Pastoral Juvenil y Vocacional del Distrito Lasallista Norandino sea reconocida por la formaci\u00f3n integral de personas comprometidas con la transformaci\u00f3n social de la realidad, en la cual se encuentran inmersas nuestras obras educativas, desde un enfoque eclesial y lasallista.<\/p>\n<p>[\/et_pb_text][\/et_pb_column][\/et_pb_row][\/et_pb_section][et_pb_section fb_built=\u00bb1&#8243; admin_label=\u00bbAbout\u00bb _builder_version=\u00bb4.23.1&#8243; _module_preset=\u00bbdefault\u00bb background_color=\u00bbgcid-d214ab81-0383-475f-b48e-2c27b44bd017&#8243; custom_padding=\u00bb9px||0px|||\u00bb collapsed=\u00bbon\u00bb global_colors_info=\u00bb{%22gcid-d214ab81-0383-475f-b48e-2c27b44bd017%22:%91%22background_color%22%93}\u00bb][et_pb_row use_custom_gutter=\u00bbon\u00bb gutter_width=\u00bb2&#8243; _builder_version=\u00bb4.24.0&#8243; _module_preset=\u00bbdefault\u00bb global_colors_info=\u00bb{}\u00bb][et_pb_column type=\u00bb4_4&#8243; _builder_version=\u00bb4.23.1&#8243; _module_preset=\u00bbdefault\u00bb global_colors_info=\u00bb{}\u00bb][et_pb_accordion open_toggle_background_color=\u00bbRGBA(255,255,255,0)\u00bb closed_toggle_background_color=\u00bbrgba(0,0,0,0.05)\u00bb toggle_icon=\u00bb&#xf067;||fa||900&#8243; icon_color=\u00bb#000000&#8243; _builder_version=\u00bb4.24.2&#8243; _module_preset=\u00bbdefault\u00bb toggle_text_color=\u00bb#000000&#8243; toggle_font=\u00bbPoppins|700||on|||||\u00bb toggle_font_size=\u00bb20px\u00bb toggle_line_height=\u00bb1.4em\u00bb body_font_size=\u00bb16px\u00bb body_line_height=\u00bb1.8em\u00bb hover_enabled=\u00bb0&#8243; toggle_font_size_tablet=\u00bb16px\u00bb toggle_font_size_phone=\u00bb14px\u00bb toggle_font_size_last_edited=\u00bbon|desktop\u00bb body_font_size_tablet=\u00bb15px\u00bb body_font_size_phone=\u00bb14px\u00bb body_font_size_last_edited=\u00bbon|desktop\u00bb border_radii=\u00bbon|20px|20px|20px|20px\u00bb border_width_all=\u00bb2px\u00bb border_color_all=\u00bb#000000&#8243; locked=\u00bboff\u00bb global_colors_info=\u00bb{}\u00bb sticky_enabled=\u00bb0&#8243;][et_pb_accordion_item title=\u00bbFORMACI\u00d3N Y ACOMPA\u00d1AMIENTO INFANTIL Y JUVENIL\u00bb open=\u00bboff\u00bb _builder_version=\u00bb4.23.1&#8243; _module_preset=\u00bbdefault\u00bb global_colors_info=\u00bb{}\u00bb]<\/p>\n<p>Comunidad Infantil Lasallista<br \/>Encuentro \u201cBons Enfants\u201d<br \/>Comunidad Juvenil Lasallista<br \/>ESFORLIJ Nivel 1<br \/>ESFORLIJ Nivel 2<br \/>Comunidad de Disc\u00edpulos Lasallistas<br \/>ESFORLIJ Nivel 3<br \/>Estudiantes de 5to a 7mo A\u00f1o.<br \/>Estudiantes de 7mo a\u00f1o que forman parte de la comunidad infantil lasallista<br \/>Estudiantes de 8vo a 10mo A\u00f1o.<br \/>Estudiantes de 8vo a\u00f1o, que hacen parte de la comunidad juvenil lasallista.<br \/>Estudiantes de 10mo a\u00f1o, que hacen parte de la comunidad juvenil lasallista.<br \/>Estudiantes de 1ero a 3ero Bachillerato.<br \/>Estudiantes de 1ero bachillerato, que hacen parte de la comunidad de disc\u00edpulos lasallistas.<\/p>\n<p>[\/et_pb_accordion_item][et_pb_accordion_item title=\u00bbS.A.L. Servicio Apost\u00f3lico Lasallista\u00bb _builder_version=\u00bb4.23.1&#8243; _module_preset=\u00bbdefault\u00bb global_colors_info=\u00bb{}\u00bb open=\u00bboff\u00bb]<\/p>\n<p>S.A.L. Institucional<br \/>Campa\u00f1a S.A.L. Institucional (Navidad)<br \/>SAL Nacional (Misi\u00f3n de Semana Santa)<br \/>Estudiantes de 1ero y 2do Bachillerato.<br \/>Toda la comunidad Educativa<br \/>Estudiantes de 3ero Bachillerato.<\/p>\n<p>[\/et_pb_accordion_item][et_pb_accordion_item title=\u00bbCULTURA VOCACIONAL\u00bb _builder_version=\u00bb4.23.1&#8243; _module_preset=\u00bbdefault\u00bb global_colors_info=\u00bb{}\u00bb open=\u00bboff\u00bb]<\/p>\n<p>Convivencias<br \/>Retiros Espirituales<br \/>Estudiantes de 1ero de B\u00e1sica hasta 2do Bachillerato.<br \/>Estudiantes de 3ero Bachillerato.<\/p>\n<p>[\/et_pb_accordion_item][et_pb_accordion_item title=\u00bbEDUCACI\u00d3N PARA LA VIDA CRISTIANA\u00bb _builder_version=\u00bb4.23.1&#8243; _module_preset=\u00bbdefault\u00bb global_colors_info=\u00bb{}\u00bb open=\u00bboff\u00bb]<\/p>\n<p>ERE (Educaci\u00f3n Religiosa Escolar &#8211; Religi\u00f3n)<br \/>Catequesis de Iniciaci\u00f3n Cristiana<br \/>Catequesis Primer Nivel de Comuni\u00f3n<br \/>Catequesis Segundo Nivel de Comuni\u00f3n<br \/>Catequesis A\u00f1o B\u00edblico<br \/>Catequesis Primer Nivel de Confirmaci\u00f3n<br \/>Catequesis Segundo Nivel de Confirmaci\u00f3n<br \/>Liturgia &#8211; Oraci\u00f3n<br \/>Todos los estudiantes.<br \/>Estudiantes de 5to a\u00f1o.<br \/>Estudiantes de 6to a\u00f1o.<br \/>Estudiantes de 7mo a\u00f1o.<br \/>Estudiantes de 8vo a\u00f1o.<br \/>Estudiantes de 9no a\u00f1o.<br \/>Estudiantes de 10mo a\u00f1o.<br \/>Toda la comunidad educativa.<\/p>\n<p>[\/et_pb_accordion_item][et_pb_accordion_item title=\u00bbEDUCACI\u00d3N DE LA INTERIORIDAD\u00bb _builder_version=\u00bb4.23.1&#8243; _module_preset=\u00bbdefault\u00bb global_colors_info=\u00bb{}\u00bb open=\u00bbon\u00bb]<\/p>\n<p>Retiro Pedag\u00f3gico Espiritual<br \/>Pastoral Institucional<br \/>Pastoral Familiar<br \/>Colaboradores de la Instituci\u00f3n.<br \/>Colaboradores de la Instituci\u00f3n.<br \/>Padres de Familia de la Instituci\u00f3n<\/p>\n<p>[\/et_pb_accordion_item][\/et_pb_accordion][\/et_pb_column][\/et_pb_row][\/et_pb_section][et_pb_section fb_built=\u00bb1&#8243; admin_label=\u00bbCall to Action\u00bb _builder_version=\u00bb4.23.1&#8243; _module_preset=\u00bbdefault\u00bb background_color=\u00bbgcid-d214ab81-0383-475f-b48e-2c27b44bd017&#8243; collapsed=\u00bbon\u00bb global_colors_info=\u00bb{%22gcid-d214ab81-0383-475f-b48e-2c27b44bd017%22:%91%22background_color%22%93}\u00bb][et_pb_row custom_padding_last_edited=\u00bbon|desktop\u00bb _builder_version=\u00bb4.24.0&#8243; _module_preset=\u00bbdefault\u00bb background_color=\u00bbgcid-dfe2e0c1-6f93-4563-8502-7952298bf493&#8243; custom_padding=\u00bb60px|120px|60px|120px|true|true\u00bb custom_padding_tablet=\u00bb30px|30px|30px|30px|true|true\u00bb custom_padding_phone=\u00bb20px|20px|20px|20px|true|true\u00bb border_radii=\u00bbon|20px|20px|20px|20px\u00bb global_colors_info=\u00bb{%22gcid-dfe2e0c1-6f93-4563-8502-7952298bf493%22:%91%22background_color%22%93}\u00bb][et_pb_column type=\u00bb4_4&#8243; _builder_version=\u00bb4.23.1&#8243; _module_preset=\u00bbdefault\u00bb global_colors_info=\u00bb{}\u00bb][et_pb_text _builder_version=\u00bb4.24.0&#8243; _module_preset=\u00bb3b3d8709-53ea-47bf-bc4d-893ebde5a5a6&#8243; header_2_text_color=\u00bb#FFFFFF\u00bb text_orientation=\u00bbcenter\u00bb custom_margin=\u00bb||10px||false|false\u00bb global_colors_info=\u00bb{}\u00bb]<\/p>\n<h2>Nuesta historia se fundamenta en nuestros Valores<\/h2>\n<p>[\/et_pb_text][et_pb_text _builder_version=\u00bb4.24.0&#8243; _module_preset=\u00bb09fc69ec-701a-4340-be2d-793cea294b76&#8243; text_text_color=\u00bb#FFFFFF\u00bb text_orientation=\u00bbcenter\u00bb global_colors_info=\u00bb{}\u00bb]<\/p>\n<p>Puedes leer sobre nuestros Valora, Misi\u00f3n y Visi\u00f3n a continuaci\u00f3n<\/p>\n<p>[\/et_pb_text][et_pb_button button_url=\u00bb@ET-DC@eyJkeW5hbWljIjp0cnVlLCJjb250ZW50IjoicG9zdF9saW5rX3VybF9wYWdlIiwic2V0dGluZ3MiOnsicG9zdF9pZCI6IjE2OSJ9fQ==@\u00bb url_new_window=\u00bbon\u00bb button_text=\u00bbLeer m\u00e1s\u00bb button_alignment=\u00bbcenter\u00bb _builder_version=\u00bb4.24.0&#8243; _dynamic_attributes=\u00bbbutton_url\u00bb _module_preset=\u00bbed45fcb8-4602-4019-97fd-fbb0d978547e\u00bb button_text_color=\u00bbgcid-dfe2e0c1-6f93-4563-8502-7952298bf493&#8243; button_bg_color=\u00bb#FFFFFF\u00bb button_use_icon=\u00bboff\u00bb global_colors_info=\u00bb{%22gcid-27d27316-00ff-460e-9cc1-5df31af25225%22:%91%22button_bg_color%22%93,%22gcid-dfe2e0c1-6f93-4563-8502-7952298bf493%22:%91%22button_text_color%22%93}\u00bb][\/et_pb_button][\/et_pb_column][\/et_pb_row][\/et_pb_section][et_pb_section fb_built=\u00bb1&#8243; admin_label=\u00bbFooter Links\u00bb _builder_version=\u00bb4.24.0&#8243; _module_preset=\u00bbdefault\u00bb background_color=\u00bbgcid-dfe2e0c1-6f93-4563-8502-7952298bf493&#8243; custom_padding=\u00bb||12px|||\u00bb global_module=\u00bb152&#8243; saved_tabs=\u00bball\u00bb locked=\u00bboff\u00bb collapsed=\u00bbon\u00bb global_colors_info=\u00bb{%22gcid-dfe2e0c1-6f93-4563-8502-7952298bf493%22:%91%22background_color%22%93}\u00bb][et_pb_row column_structure=\u00bb1_4,1_4,1_4,1_4&#8243; _builder_version=\u00bb4.24.0&#8243; _module_preset=\u00bbdefault\u00bb custom_padding=\u00bb||0px|||\u00bb global_colors_info=\u00bb{}\u00bb][et_pb_column type=\u00bb1_4&#8243; _builder_version=\u00bb4.21.0&#8243; _module_preset=\u00bbdefault\u00bb global_colors_info=\u00bb{}\u00bb][et_pb_image src=\u00bbhttps:\/\/sanjosecuenca.lasalleweb.ec\/wp-content\/uploads\/2024\/02\/98d749_bd3b7d77e5044fc7ad4002ef4cf15f1bmv2.webp\u00bb title_text=\u00bb98d749_bd3b7d77e5044fc7ad4002ef4cf15f1b~mv2&#8243; _builder_version=\u00bb4.24.0&#8243; _module_preset=\u00bbdefault\u00bb global_colors_info=\u00bb{}\u00bb][\/et_pb_image][et_pb_button button_url=\u00bbhttps:\/\/sistema.conocoto.lasalle.ec\/inicioseleccion.html\u00bb button_text=\u00bbPORTAL ACADEMIUM\u00bb button_alignment=\u00bbcenter\u00bb _builder_version=\u00bb4.24.2&#8243; _module_preset=\u00bbdefault\u00bb custom_button=\u00bbon\u00bb button_text_size=\u00bb17px\u00bb button_text_color=\u00bbgcid-dfe2e0c1-6f93-4563-8502-7952298bf493&#8243; button_bg_color=\u00bb#FFFFFF\u00bb button_border_radius=\u00bb22px\u00bb button_font=\u00bb|800|||||||\u00bb button_use_icon=\u00bboff\u00bb background_layout=\u00bbdark\u00bb global_colors_info=\u00bb{%22gcid-dfe2e0c1-6f93-4563-8502-7952298bf493%22:%91%22button_text_color%22%93}\u00bb][\/et_pb_button][et_pb_social_media_follow _builder_version=\u00bb4.24.0&#8243; _module_preset=\u00bbdefault\u00bb global_colors_info=\u00bb{}\u00bb][et_pb_social_media_follow_network social_network=\u00bbyoutube\u00bb url=\u00bbhttps:\/\/www.youtube.com\/channel\/UC1Z48293Tf-kzsxStDSgSOQ\u00bb icon_color=\u00bb#FFFFFF\u00bb use_icon_font_size=\u00bbon\u00bb icon_font_size=\u00bb21px\u00bb _builder_version=\u00bb4.24.0&#8243; _module_preset=\u00bbdefault\u00bb background_enable_color=\u00bboff\u00bb custom_button=\u00bbon\u00bb global_colors_info=\u00bb{}\u00bb follow_button=\u00bboff\u00bb url_new_window=\u00bbon\u00bb]youtube[\/et_pb_social_media_follow_network][et_pb_social_media_follow_network social_network=\u00bbfacebook\u00bb url=\u00bbhttps:\/\/www.facebook.com\/sallecuenca\u00bb icon_color=\u00bb#FFFFFF\u00bb use_icon_font_size=\u00bbon\u00bb icon_font_size=\u00bb21px\u00bb _builder_version=\u00bb4.24.0&#8243; _module_preset=\u00bbdefault\u00bb background_enable_color=\u00bboff\u00bb custom_button=\u00bbon\u00bb global_colors_info=\u00bb{}\u00bb follow_button=\u00bboff\u00bb url_new_window=\u00bbon\u00bb]facebook[\/et_pb_social_media_follow_network][et_pb_social_media_follow_network social_network=\u00bbinstagram\u00bb url=\u00bbhttps:\/\/www.instagram.com\/UEP.Hermano_Miguel_Cuenca\/\u00bb icon_color=\u00bb#FFFFFF\u00bb use_icon_font_size=\u00bbon\u00bb icon_font_size=\u00bb21px\u00bb _builder_version=\u00bb4.24.0&#8243; _module_preset=\u00bbdefault\u00bb background_enable_color=\u00bboff\u00bb custom_button=\u00bbon\u00bb global_colors_info=\u00bb{}\u00bb follow_button=\u00bboff\u00bb url_new_window=\u00bbon\u00bb]instagram[\/et_pb_social_media_follow_network][\/et_pb_social_media_follow][\/et_pb_column][et_pb_column type=\u00bb1_4&#8243; _builder_version=\u00bb4.21.0&#8243; _module_preset=\u00bbdefault\u00bb global_colors_info=\u00bb{}\u00bb][et_pb_text _builder_version=\u00bb4.24.0&#8243; _module_preset=\u00bb9e0f691a-51a6-4320-a4bb-7b8eaf0485ea\u00bb header_4_text_color=\u00bb#FFFFFF\u00bb header_4_font_size=\u00bb20px\u00bb custom_margin=\u00bb||20px||false|false\u00bb global_colors_info=\u00bb{}\u00bb]<\/p>\n<h4>TEL\u00c9FONOS<\/h4>\n<p>[\/et_pb_text][et_pb_text _builder_version=\u00bb4.24.0&#8243; _module_preset=\u00bb9e13ac0a-9ab7-4711-b476-4f1256d1adc0&#8243; text_font=\u00bbNunito||||||||\u00bb text_text_color=\u00bb#FFFFFF\u00bb text_font_size=\u00bb7px\u00bb link_text_color=\u00bbgcid-4e1a4293-6847-4a8b-8670-1037625c3a21&#8243; custom_margin=\u00bb||12px||false|false\u00bb text_font_size_last_edited=\u00bboff|desktop\u00bb global_colors_info=\u00bb{%22gcid-4e1a4293-6847-4a8b-8670-1037625c3a21%22:%91%22link_text_color%22%93}\u00bb]<\/p>\n<p class=\"font_8 wixui-rich-text__text\"><span class=\"wixui-rich-text__text\">(07) 2810 349<\/span><\/p>\n<p class=\"font_8 wixui-rich-text__text\"><span class=\"wixui-rich-text__text\">(07) 2814 184<\/span><\/p>\n<p class=\"font_8 wixui-rich-text__text\"><span class=\"wixui-rich-text__text\">(07) 2881 235<\/span><\/p>\n<p>[\/et_pb_text][et_pb_text _builder_version=\u00bb4.24.0&#8243; _module_preset=\u00bb9e0f691a-51a6-4320-a4bb-7b8eaf0485ea\u00bb header_4_text_color=\u00bb#FFFFFF\u00bb header_4_font_size=\u00bb20px\u00bb custom_margin=\u00bb||20px||false|false\u00bb global_colors_info=\u00bb{}\u00bb]<\/p>\n<h4>SECRETAR\u00cdA<\/h4>\n<p>[\/et_pb_text][et_pb_text _builder_version=\u00bb4.24.0&#8243; _module_preset=\u00bb9e13ac0a-9ab7-4711-b476-4f1256d1adc0&#8243; text_font=\u00bbNunito||||||||\u00bb text_text_color=\u00bb#FFFFFF\u00bb text_font_size=\u00bb7px\u00bb link_text_color=\u00bbgcid-4e1a4293-6847-4a8b-8670-1037625c3a21&#8243; custom_margin=\u00bb||8px||false|false\u00bb text_font_size_last_edited=\u00bboff|desktop\u00bb global_colors_info=\u00bb{%22gcid-4e1a4293-6847-4a8b-8670-1037625c3a21%22:%91%22link_text_color%22%93}\u00bb]<\/p>\n<p class=\"font_8 wixui-rich-text__text\">0983582452<\/p>\n<p>[\/et_pb_text][\/et_pb_column][et_pb_column type=\u00bb1_4&#8243; _builder_version=\u00bb4.21.0&#8243; _module_preset=\u00bbdefault\u00bb global_colors_info=\u00bb{}\u00bb][et_pb_image src=\u00bbhttps:\/\/sanjosecuenca.lasalleweb.ec\/wp-content\/uploads\/2024\/02\/98d749_9632f7fa33a944d2b8a17e215da118c3mv2.webp\u00bb title_text=\u00bb98d749_9632f7fa33a944d2b8a17e215da118c3~mv2&#8243; _builder_version=\u00bb4.24.0&#8243; _module_preset=\u00bbdefault\u00bb global_colors_info=\u00bb{}\u00bb][\/et_pb_image][et_pb_image src=\u00bbhttps:\/\/sanjosecuenca.lasalleweb.ec\/wp-content\/uploads\/2024\/02\/98d749_3632d509fb614ae5adc97769efeff12fmv2.webp\u00bb title_text=\u00bb98d749_3632d509fb614ae5adc97769efeff12f~mv2&#8243; _builder_version=\u00bb4.24.0&#8243; _module_preset=\u00bbdefault\u00bb global_colors_info=\u00bb{}\u00bb][\/et_pb_image][\/et_pb_column][et_pb_column type=\u00bb1_4&#8243; _builder_version=\u00bb4.21.0&#8243; _module_preset=\u00bbdefault\u00bb global_colors_info=\u00bb{}\u00bb][et_pb_image src=\u00bbhttps:\/\/sanjosecuenca.lasalleweb.ec\/wp-content\/uploads\/2024\/02\/98d749_30cc9847268e4bf7b5ab89098ba2d27dmv2.webp\u00bb title_text=\u00bb98d749_30cc9847268e4bf7b5ab89098ba2d27d~mv2&#8243; _builder_version=\u00bb4.24.0&#8243; _module_preset=\u00bbdefault\u00bb global_colors_info=\u00bb{}\u00bb][\/et_pb_image][\/et_pb_column][\/et_pb_row][et_pb_row _builder_version=\u00bb4.24.0&#8243; _module_preset=\u00bbdefault\u00bb custom_padding=\u00bb0px||8px|||\u00bb global_colors_info=\u00bb{}\u00bb][et_pb_column type=\u00bb4_4&#8243; _builder_version=\u00bb4.24.0&#8243; _module_preset=\u00bbdefault\u00bb global_colors_info=\u00bb{}\u00bb][et_pb_text _builder_version=\u00bb4.24.0&#8243; _module_preset=\u00bbdefault\u00bb text_text_color=\u00bb#FFFFFF\u00bb text_orientation=\u00bbcenter\u00bb global_colors_info=\u00bb{}\u00bb]<\/p>\n<p><img decoding=\"async\" src=\"https:\/\/static.wixstatic.com\/media\/98d749_064d87306ec548a9880d4b52ee04a33d~mv2.webp\" \/><br \/>U.E.P. Hermano Miguel De La Salle &#8211; Derechos Reservados<\/p>\n<p>[\/et_pb_text][\/et_pb_column][\/et_pb_row][\/et_pb_section]<\/p>\n","protected":false},"excerpt":{"rendered":"<p>PASTORAL JUVENIL Y VOCACIONALPastoral Juvenil y Vocacional del Distrito Lasallista Norandino es un proceso de evangelizaci\u00f3n y formaci\u00f3n integral de personas comprometidas con la realidad social, desde un enfoque lasallista, que fomenta el discernimiento vocacional.MISI\u00d3NFavorecer las condiciones necesarias para que los Centros Educativos del Distrito Lasallista Norandino, a partir de las orientaciones emanadas del Instituto, [&hellip;]<\/p>\n","protected":false},"author":3,"featured_media":0,"parent":0,"menu_order":0,"comment_status":"closed","ping_status":"closed","template":"","meta":{"_et_pb_use_builder":"on","_et_pb_old_content":"","_et_gb_content_width":"","footnotes":""},"class_list":["post-280","page","type-page","status-publish","hentry"],"_links":{"self":[{"href":"https:\/\/sanjosecuenca.lasalleweb.ec\/index.php?rest_route=\/wp\/v2\/pages\/280","targetHints":{"allow":["GET"]}}],"collection":[{"href":"https:\/\/sanjosecuenca.lasalleweb.ec\/index.php?rest_route=\/wp\/v2\/pages"}],"about":[{"href":"https:\/\/sanjosecuenca.lasalleweb.ec\/index.php?rest_route=\/wp\/v2\/types\/page"}],"author":[{"embeddable":true,"href":"https:\/\/sanjosecuenca.lasalleweb.ec\/index.php?rest_route=\/wp\/v2\/users\/3"}],"replies":[{"embeddable":true,"href":"https:\/\/sanjosecuenca.lasalleweb.ec\/index.php?rest_route=%2Fwp%2Fv2%2Fcomments&post=280"}],"version-history":[{"count":6,"href":"https:\/\/sanjosecuenca.lasalleweb.ec\/index.php?rest_route=\/wp\/v2\/pages\/280\/revisions"}],"predecessor-version":[{"id":448,"href":"https:\/\/sanjosecuenca.lasalleweb.ec\/index.php?rest_route=\/wp\/v2\/pages\/280\/revisions\/448"}],"wp:attachment":[{"href":"https:\/\/sanjosecuenca.lasalleweb.ec\/index.php?rest_route=%2Fwp%2Fv2%2Fmedia&parent=280"}],"curies":[{"name":"wp","href":"https:\/\/api.w.org\/{rel}","templated":true}]}}