{"id":145,"date":"2024-02-14T14:19:07","date_gmt":"2024-02-14T14:19:07","guid":{"rendered":"https:\/\/sanjosecuenca.lasalleweb.ec\/?page_id=145"},"modified":"2025-02-04T23:26:38","modified_gmt":"2025-02-04T23:26:38","slug":"historia","status":"publish","type":"page","link":"https:\/\/sanjosecuenca.lasalleweb.ec\/?page_id=145","title":{"rendered":"Historia"},"content":{"rendered":"<p>[et_pb_section fb_built=\u00bb1&#8243; admin_label=\u00bbHeader\u00bb _builder_version=\u00bb4.23.1&#8243; _module_preset=\u00bbdefault\u00bb background_color=\u00bbgcid-d214ab81-0383-475f-b48e-2c27b44bd017&#8243; custom_padding=\u00bb||26px|||\u00bb collapsed=\u00bbon\u00bb global_colors_info=\u00bb{%22gcid-d214ab81-0383-475f-b48e-2c27b44bd017%22:%91%22background_color%22%93}\u00bb][et_pb_row _builder_version=\u00bb4.23.1&#8243; _module_preset=\u00bbdefault\u00bb global_colors_info=\u00bb{}\u00bb][et_pb_column type=\u00bb4_4&#8243; _builder_version=\u00bb4.23.1&#8243; _module_preset=\u00bbdefault\u00bb global_colors_info=\u00bb{}\u00bb][et_pb_text _builder_version=\u00bb4.23.1&#8243; _module_preset=\u00bba6ffdbd9-a3f8-4ad7-9e5d-3fbeff1bbe47&#8243; text_orientation=\u00bbcenter\u00bb global_colors_info=\u00bb{}\u00bb]<\/p>\n<h1>Nuestra Historia<\/h1>\n<p>[\/et_pb_text][\/et_pb_column][\/et_pb_row][\/et_pb_section][et_pb_section fb_built=\u00bb1&#8243; admin_label=\u00bbAbout\u00bb _builder_version=\u00bb4.23.1&#8243; _module_preset=\u00bbdefault\u00bb background_color=\u00bbgcid-d214ab81-0383-475f-b48e-2c27b44bd017&#8243; custom_padding=\u00bb9px||0px|||\u00bb collapsed=\u00bbon\u00bb global_colors_info=\u00bb{%22gcid-d214ab81-0383-475f-b48e-2c27b44bd017%22:%91%22background_color%22%93}\u00bb][et_pb_row use_custom_gutter=\u00bbon\u00bb gutter_width=\u00bb2&#8243; _builder_version=\u00bb4.24.0&#8243; _module_preset=\u00bbdefault\u00bb custom_margin=\u00bb-44px|auto||auto||\u00bb global_colors_info=\u00bb{}\u00bb][et_pb_column type=\u00bb4_4&#8243; _builder_version=\u00bb4.23.1&#8243; _module_preset=\u00bbdefault\u00bb global_colors_info=\u00bb{}\u00bb][et_pb_text _builder_version=\u00bb4.24.0&#8243; _module_preset=\u00bb09fc69ec-701a-4340-be2d-793cea294b76&#8243; text_orientation=\u00bbjustified\u00bb global_colors_info=\u00bb{}\u00bb]<\/p>\n<h4><\/h4>\n<p>El Colegio San Jos\u00e9 de La Salle tiene sus or\u00edgenes en 2008 como una iniciativa del Hermano Richard Manosalvas, entonces rector del Colegio Hermano Miguel. Surgi\u00f3 con la idea de crear una Unidad Educativa que atendiera a la poblaci\u00f3n popular de Cuenca, y se estableci\u00f3 como una secci\u00f3n vespertina dentro del Colegio Hermano Miguel. Comenz\u00f3 con 50 estudiantes y cont\u00f3 con la colaboraci\u00f3n de docentes y personal administrativo de otras instituciones educativas.<\/p>\n<p>En 2010, el Colegio Hermano Miguel inici\u00f3 su proceso de convertirse en una Unidad Educativa aparte, y la secci\u00f3n vespertina comenz\u00f3 su camino para convertirse en una entidad independiente. En 2011, la Direcci\u00f3n Provincial de Educaci\u00f3n del Azuay cambi\u00f3 su denominaci\u00f3n a Colegio Particular Vespertino San Jos\u00e9 de La Salle. Posteriormente, en 2014, se convirti\u00f3 en una entidad fiscomisional. Desde entonces, el colegio ha experimentado un crecimiento significativo. Comenz\u00f3 con 50 estudiantes y actualmente cuenta con 425 estudiantes matriculados oficialmente, con la perspectiva de seguir aumentando hasta alcanzar su capacidad m\u00e1xima.<\/p>\n<p>Se ofrece un Bachillerato General Unificado conforme la Ley de Educaci\u00f3n, abarcando desde Octavo de B\u00e1sica (A,B), Noveno de B\u00e1sica (A,B), Decimo de B\u00e1sica (A,B,C) Primero de Bachillerato (A,B,C), Segundo de Bachillerato (A,B), \u00a0hasta Tercero de Bachillerato (A,B) aproximadamente 30 estudiantes cada uno de los paralelos. Adem\u00e1s de la malla curricular est\u00e1ndar, el colegio ofrece asignaturas novedosas como Desarrollo del Pensamiento, Rob\u00f3tica, Electricidad y Educaci\u00f3n Religiosa Escolar (ERE), con el objetivo de proporcionar a los estudiantes habilidades adicionales para su inserci\u00f3n en la vida laboral o en estudios superiores. Actualmente, se centra en fortalecer el pensamiento cr\u00edtico de los estudiantes y mejorar los resultados acad\u00e9micos. Tambi\u00e9n se ha enfocado en actividades art\u00edsticas y deportivas, brindando a los estudiantes la oportunidad de explorar habilidades adicionales y fomentar la expresi\u00f3n emocional y la socializaci\u00f3n.<\/p>\n<p>El colegio ha tenido logros destacados en danza, con la creaci\u00f3n de un club de danza que ha participado en festivales y presentaciones tanto a nivel nacional como internacional. Antes de la pandemia, tambi\u00e9n se hab\u00eda experimentado un crecimiento importante en deportes, con una selecci\u00f3n de judo y f\u00fatbol conformada y lista para competir. En el \u00e1mbito acad\u00e9mico y art\u00edstico, el colegio ha participado en eventos como Sallem\u00e1tica y ha obtenido reconocimientos en literatura y educaci\u00f3n art\u00edstica.\u00a0<\/p>\n<p>Adem\u00e1s, cuenta con un grupo de pastoral que trabaja en conjunto con el Departamento de Consejer\u00eda Estudiantil para brindar apoyo integral a los estudiantes. Se busca inculcar en los estudiantes el amor por la pr\u00e1ctica deportiva, fomentando la participaci\u00f3n en equipo y la construcci\u00f3n de comunidad, m\u00e1s all\u00e1 de la competencia y los logros.<\/p>\n<p>[\/et_pb_text][\/et_pb_column][\/et_pb_row][\/et_pb_section][et_pb_section fb_built=\u00bb1&#8243; admin_label=\u00bbCall to Action\u00bb _builder_version=\u00bb4.23.1&#8243; _module_preset=\u00bbdefault\u00bb background_color=\u00bbgcid-d214ab81-0383-475f-b48e-2c27b44bd017&#8243; collapsed=\u00bbon\u00bb global_colors_info=\u00bb{%22gcid-d214ab81-0383-475f-b48e-2c27b44bd017%22:%91%22background_color%22%93}\u00bb][et_pb_row custom_padding_last_edited=\u00bbon|desktop\u00bb _builder_version=\u00bb4.24.0&#8243; _module_preset=\u00bbdefault\u00bb background_color=\u00bbgcid-dfe2e0c1-6f93-4563-8502-7952298bf493&#8243; custom_padding=\u00bb60px|120px|60px|120px|true|true\u00bb custom_padding_tablet=\u00bb30px|30px|30px|30px|true|true\u00bb custom_padding_phone=\u00bb20px|20px|20px|20px|true|true\u00bb border_radii=\u00bbon|20px|20px|20px|20px\u00bb global_colors_info=\u00bb{%22gcid-dfe2e0c1-6f93-4563-8502-7952298bf493%22:%91%22background_color%22%93}\u00bb][et_pb_column type=\u00bb4_4&#8243; _builder_version=\u00bb4.23.1&#8243; _module_preset=\u00bbdefault\u00bb global_colors_info=\u00bb{}\u00bb][et_pb_text _builder_version=\u00bb4.24.0&#8243; _module_preset=\u00bb3b3d8709-53ea-47bf-bc4d-893ebde5a5a6&#8243; header_2_text_color=\u00bb#FFFFFF\u00bb text_orientation=\u00bbcenter\u00bb custom_margin=\u00bb||10px||false|false\u00bb global_colors_info=\u00bb{}\u00bb]<\/p>\n<h2>Nuesta historia se fundamenta en nuestros Valores<\/h2>\n<p>[\/et_pb_text][et_pb_text _builder_version=\u00bb4.24.0&#8243; _module_preset=\u00bb09fc69ec-701a-4340-be2d-793cea294b76&#8243; text_text_color=\u00bb#FFFFFF\u00bb text_orientation=\u00bbcenter\u00bb global_colors_info=\u00bb{}\u00bb]<\/p>\n<p>Puedes leer sobre nuestros Valora, Misi\u00f3n y Visi\u00f3n a continuaci\u00f3n<\/p>\n<p>[\/et_pb_text][et_pb_button button_url=\u00bb@ET-DC@eyJkeW5hbWljIjp0cnVlLCJjb250ZW50IjoicG9zdF9saW5rX3VybF9wYWdlIiwic2V0dGluZ3MiOnsicG9zdF9pZCI6IjE2OSJ9fQ==@\u00bb url_new_window=\u00bbon\u00bb button_text=\u00bbLeer m\u00e1s\u00bb button_alignment=\u00bbcenter\u00bb _builder_version=\u00bb4.24.0&#8243; _dynamic_attributes=\u00bbbutton_url\u00bb _module_preset=\u00bbed45fcb8-4602-4019-97fd-fbb0d978547e\u00bb button_text_color=\u00bbgcid-dfe2e0c1-6f93-4563-8502-7952298bf493&#8243; button_bg_color=\u00bb#FFFFFF\u00bb button_use_icon=\u00bboff\u00bb global_colors_info=\u00bb{%22gcid-27d27316-00ff-460e-9cc1-5df31af25225%22:%91%22button_bg_color%22%93,%22gcid-dfe2e0c1-6f93-4563-8502-7952298bf493%22:%91%22button_text_color%22%93}\u00bb][\/et_pb_button][\/et_pb_column][\/et_pb_row][\/et_pb_section][et_pb_section fb_built=\u00bb1&#8243; admin_label=\u00bbFooter Links\u00bb _builder_version=\u00bb4.24.0&#8243; _module_preset=\u00bbdefault\u00bb background_color=\u00bbgcid-dfe2e0c1-6f93-4563-8502-7952298bf493&#8243; custom_padding=\u00bb||12px|||\u00bb global_module=\u00bb152&#8243; saved_tabs=\u00bball\u00bb locked=\u00bboff\u00bb collapsed=\u00bbon\u00bb global_colors_info=\u00bb{%22gcid-dfe2e0c1-6f93-4563-8502-7952298bf493%22:%91%22background_color%22%93}\u00bb][et_pb_row column_structure=\u00bb1_4,1_4,1_4,1_4&#8243; _builder_version=\u00bb4.24.0&#8243; _module_preset=\u00bbdefault\u00bb custom_padding=\u00bb29px||0px|||\u00bb global_colors_info=\u00bb{}\u00bb][et_pb_column type=\u00bb1_4&#8243; _builder_version=\u00bb4.21.0&#8243; _module_preset=\u00bbdefault\u00bb global_colors_info=\u00bb{}\u00bb][et_pb_social_media_follow _builder_version=\u00bb4.24.0&#8243; _module_preset=\u00bbdefault\u00bb global_colors_info=\u00bb{}\u00bb][et_pb_social_media_follow_network social_network=\u00bbyoutube\u00bb url=\u00bbhttps:\/\/www.youtube.com\/channel\/UC1Z48293Tf-kzsxStDSgSOQ\u00bb icon_color=\u00bb#FFFFFF\u00bb use_icon_font_size=\u00bbon\u00bb icon_font_size=\u00bb21px\u00bb _builder_version=\u00bb4.24.0&#8243; _module_preset=\u00bbdefault\u00bb background_enable_color=\u00bboff\u00bb custom_button=\u00bbon\u00bb global_colors_info=\u00bb{}\u00bb follow_button=\u00bboff\u00bb url_new_window=\u00bbon\u00bb]youtube[\/et_pb_social_media_follow_network][et_pb_social_media_follow_network social_network=\u00bbfacebook\u00bb url=\u00bbhttps:\/\/www.facebook.com\/sallecuenca\u00bb icon_color=\u00bb#FFFFFF\u00bb use_icon_font_size=\u00bbon\u00bb icon_font_size=\u00bb21px\u00bb _builder_version=\u00bb4.24.0&#8243; _module_preset=\u00bbdefault\u00bb background_enable_color=\u00bboff\u00bb custom_button=\u00bbon\u00bb global_colors_info=\u00bb{}\u00bb follow_button=\u00bboff\u00bb url_new_window=\u00bbon\u00bb]facebook[\/et_pb_social_media_follow_network][et_pb_social_media_follow_network social_network=\u00bbinstagram\u00bb url=\u00bbhttps:\/\/www.instagram.com\/UEP.Hermano_Miguel_Cuenca\/\u00bb icon_color=\u00bb#FFFFFF\u00bb use_icon_font_size=\u00bbon\u00bb icon_font_size=\u00bb21px\u00bb _builder_version=\u00bb4.24.0&#8243; _module_preset=\u00bbdefault\u00bb background_enable_color=\u00bboff\u00bb custom_button=\u00bbon\u00bb global_colors_info=\u00bb{}\u00bb follow_button=\u00bboff\u00bb url_new_window=\u00bbon\u00bb]instagram[\/et_pb_social_media_follow_network][\/et_pb_social_media_follow][et_pb_image src=\u00bbhttps:\/\/sanjosecuenca.lasalleweb.ec\/wp-content\/uploads\/2024\/10\/logo.png\u00bb title_text=\u00bblogo bsj\u00bb _builder_version=\u00bb4.27.2&#8243; _module_preset=\u00bbdefault\u00bb custom_margin=\u00bb-4px|||||\u00bb global_colors_info=\u00bb{}\u00bb][\/et_pb_image][\/et_pb_column][et_pb_column type=\u00bb1_4&#8243; _builder_version=\u00bb4.21.0&#8243; _module_preset=\u00bbdefault\u00bb global_colors_info=\u00bb{}\u00bb][et_pb_text _builder_version=\u00bb4.24.0&#8243; _module_preset=\u00bb9e0f691a-51a6-4320-a4bb-7b8eaf0485ea\u00bb header_4_text_color=\u00bb#FFFFFF\u00bb header_4_font_size=\u00bb20px\u00bb custom_margin=\u00bb||20px||false|false\u00bb global_colors_info=\u00bb{}\u00bb]<\/p>\n<h4>TEL\u00c9FONOS<\/h4>\n<p>[\/et_pb_text][et_pb_text _builder_version=\u00bb4.24.0&#8243; _module_preset=\u00bb9e13ac0a-9ab7-4711-b476-4f1256d1adc0&#8243; text_font=\u00bbNunito||||||||\u00bb text_text_color=\u00bb#FFFFFF\u00bb text_font_size=\u00bb7px\u00bb link_text_color=\u00bbgcid-4e1a4293-6847-4a8b-8670-1037625c3a21&#8243; custom_margin=\u00bb||12px||false|false\u00bb text_font_size_last_edited=\u00bboff|desktop\u00bb global_colors_info=\u00bb{%22gcid-4e1a4293-6847-4a8b-8670-1037625c3a21%22:%91%22link_text_color%22%93}\u00bb]<\/p>\n<p class=\"font_8 wixui-rich-text__text\"><span class=\"wixui-rich-text__text\">(07) 2810 349 EXT.\u00a0<\/span><\/p>\n<p class=\"font_8 wixui-rich-text__text\">[\/et_pb_text][\/et_pb_column][et_pb_column type=\u00bb1_4&#8243; _builder_version=\u00bb4.21.0&#8243; _module_preset=\u00bbdefault\u00bb global_colors_info=\u00bb{}\u00bb][et_pb_image src=\u00bbhttps:\/\/sanjosecuenca.lasalleweb.ec\/wp-content\/uploads\/2024\/02\/98d749_3632d509fb614ae5adc97769efeff12fmv2.webp\u00bb title_text=\u00bb98d749_3632d509fb614ae5adc97769efeff12f~mv2&#8243; _builder_version=\u00bb4.24.0&#8243; _module_preset=\u00bbdefault\u00bb custom_margin=\u00bb||36px|||\u00bb global_colors_info=\u00bb{}\u00bb][\/et_pb_image][\/et_pb_column][et_pb_column type=\u00bb1_4&#8243; _builder_version=\u00bb4.21.0&#8243; _module_preset=\u00bbdefault\u00bb global_colors_info=\u00bb{}\u00bb][et_pb_image src=\u00bbhttps:\/\/sanjosecuenca.lasalleweb.ec\/wp-content\/uploads\/2024\/10\/ES_Lat_LogoADN_BLANCO.png\u00bb title_text=\u00bbES_Lat_LogoADN_BLANCO\u00bb _builder_version=\u00bb4.27.2&#8243; _module_preset=\u00bbdefault\u00bb global_colors_info=\u00bb{}\u00bb][\/et_pb_image][\/et_pb_column][\/et_pb_row][et_pb_row _builder_version=\u00bb4.27.2&#8243; _module_preset=\u00bbdefault\u00bb custom_padding=\u00bb0px||8px|||\u00bb global_colors_info=\u00bb{}\u00bb][et_pb_column type=\u00bb4_4&#8243; _builder_version=\u00bb4.24.0&#8243; _module_preset=\u00bbdefault\u00bb global_colors_info=\u00bb{}\u00bb][et_pb_text _builder_version=\u00bb4.24.0&#8243; _module_preset=\u00bbdefault\u00bb text_text_color=\u00bb#FFFFFF\u00bb text_orientation=\u00bbcenter\u00bb global_colors_info=\u00bb{}\u00bb]<\/p>\n<p>U.E.F. San Jos\u00e9 De La Salle Cuenca &#8211; Derechos Reservados<\/p>\n<p>[\/et_pb_text][\/et_pb_column][\/et_pb_row][\/et_pb_section]<\/p>\n","protected":false},"excerpt":{"rendered":"<p>Nuestra Historia El Colegio San Jos\u00e9 de La Salle tiene sus or\u00edgenes en 2008 como una iniciativa del Hermano Richard Manosalvas, entonces rector del Colegio Hermano Miguel. Surgi\u00f3 con la idea de crear una Unidad Educativa que atendiera a la poblaci\u00f3n popular de Cuenca, y se estableci\u00f3 como una secci\u00f3n vespertina dentro del Colegio Hermano [&hellip;]<\/p>\n","protected":false},"author":3,"featured_media":0,"parent":0,"menu_order":0,"comment_status":"closed","ping_status":"closed","template":"","meta":{"_et_pb_use_builder":"on","_et_pb_old_content":"","_et_gb_content_width":"","footnotes":""},"class_list":["post-145","page","type-page","status-publish","hentry"],"_links":{"self":[{"href":"https:\/\/sanjosecuenca.lasalleweb.ec\/index.php?rest_route=\/wp\/v2\/pages\/145","targetHints":{"allow":["GET"]}}],"collection":[{"href":"https:\/\/sanjosecuenca.lasalleweb.ec\/index.php?rest_route=\/wp\/v2\/pages"}],"about":[{"href":"https:\/\/sanjosecuenca.lasalleweb.ec\/index.php?rest_route=\/wp\/v2\/types\/page"}],"author":[{"embeddable":true,"href":"https:\/\/sanjosecuenca.lasalleweb.ec\/index.php?rest_route=\/wp\/v2\/users\/3"}],"replies":[{"embeddable":true,"href":"https:\/\/sanjosecuenca.lasalleweb.ec\/index.php?rest_route=%2Fwp%2Fv2%2Fcomments&post=145"}],"version-history":[{"count":18,"href":"https:\/\/sanjosecuenca.lasalleweb.ec\/index.php?rest_route=\/wp\/v2\/pages\/145\/revisions"}],"predecessor-version":[{"id":766,"href":"https:\/\/sanjosecuenca.lasalleweb.ec\/index.php?rest_route=\/wp\/v2\/pages\/145\/revisions\/766"}],"wp:attachment":[{"href":"https:\/\/sanjosecuenca.lasalleweb.ec\/index.php?rest_route=%2Fwp%2Fv2%2Fmedia&parent=145"}],"curies":[{"name":"wp","href":"https:\/\/api.w.org\/{rel}","templated":true}]}}